{"id":15,"date":"2023-02-20T13:07:31","date_gmt":"2023-02-20T05:07:31","guid":{"rendered":"https:\/\/feikainetworkcabinets.com\/?page_id=15"},"modified":"2023-02-20T16:18:55","modified_gmt":"2023-02-20T08:18:55","slug":"cooperacao","status":"publish","type":"page","link":"https:\/\/ziyuan.lingjuin.com\/pt\/cooperacao\/","title":{"rendered":"Coopera\u00e7\u00e3o"},"content":{"rendered":"<p>Suzhou Feikai, o principal fabricante de racks de servidor na China, nossa empresa \u00e9 especializada na fabrica\u00e7\u00e3o de gabinetes de rede OEM e ODM padr\u00e3o de 19 polegadas. Somos uma empresa nacional de alta tecnologia que integra P&amp;D, produ\u00e7\u00e3o, vendas, design, constru\u00e7\u00e3o, opera\u00e7\u00e3o e manuten\u00e7\u00e3o, com foco em solu\u00e7\u00f5es e servi\u00e7os modulares de infraestrutura de data center. Nossos produtos s\u00e3o amplamente utilizados em data centers, empresas de energia, valores mobili\u00e1rios, bancos, transporte e defesa nacional, banda larga comunit\u00e1ria, transmiss\u00e3o de sinal de r\u00e1dio e televis\u00e3o, sistema de recep\u00e7\u00e3o, sistema de \u00e1udio, sistema de monitoramento e assim por diante. Ganhamos elogios un\u00e2nimes de clientes de todas as esferas da vida por nossa boa qualidade e melhor pre\u00e7o.<\/p>","protected":false},"excerpt":{"rendered":"<p>Suzhou Feikai, the leading server racks manufacturer in China, our company is specialized in making 19inch standard, OEM &#038; ODM network cabinets. We are a national high-tech enterprise integrating R&#038;D, production, sales, design, construction, operation and maintenance, which focuses on modular data center infrastructure solutions and services .Our products are widely used in data center, [&hellip;]<\/p>","protected":false},"author":1,"featured_media":0,"parent":0,"menu_order":0,"comment_status":"closed","ping_status":"closed","template":"page\/cooperation.php","meta":{"footnotes":""},"class_list":["post-15","page","type-page","status-publish","hentry"],"_links":{"self":[{"href":"https:\/\/ziyuan.lingjuin.com\/pt\/wp-json\/wp\/v2\/pages\/15","targetHints":{"allow":["GET"]}}],"collection":[{"href":"https:\/\/ziyuan.lingjuin.com\/pt\/wp-json\/wp\/v2\/pages"}],"about":[{"href":"https:\/\/ziyuan.lingjuin.com\/pt\/wp-json\/wp\/v2\/types\/page"}],"author":[{"embeddable":true,"href":"https:\/\/ziyuan.lingjuin.com\/pt\/wp-json\/wp\/v2\/users\/1"}],"replies":[{"embeddable":true,"href":"https:\/\/ziyuan.lingjuin.com\/pt\/wp-json\/wp\/v2\/comments?post=15"}],"version-history":[{"count":2,"href":"https:\/\/ziyuan.lingjuin.com\/pt\/wp-json\/wp\/v2\/pages\/15\/revisions"}],"predecessor-version":[{"id":51,"href":"https:\/\/ziyuan.lingjuin.com\/pt\/wp-json\/wp\/v2\/pages\/15\/revisions\/51"}],"wp:attachment":[{"href":"https:\/\/ziyuan.lingjuin.com\/pt\/wp-json\/wp\/v2\/media?parent=15"}],"curies":[{"name":"wp","href":"https:\/\/api.w.org\/{rel}","templated":true}]}}