{"id":15,"date":"2023-02-20T13:07:31","date_gmt":"2023-02-20T05:07:31","guid":{"rendered":"https:\/\/feikainetworkcabinets.com\/?page_id=15"},"modified":"2023-02-20T16:18:55","modified_gmt":"2023-02-20T08:18:55","slug":"cooperation","status":"publish","type":"page","link":"https:\/\/ziyuan.lingjuin.com\/fr\/cooperation\/","title":{"rendered":"Coop\u00e9ration"},"content":{"rendered":"<p>Suzhou Feikai, le principal fabricant de racks de serveurs en Chine, notre soci\u00e9t\u00e9 est sp\u00e9cialis\u00e9e dans la fabrication d&#039;armoires r\u00e9seau standard 19 pouces, OEM et ODM. Nous sommes une entreprise nationale de haute technologie int\u00e9grant la R &amp; D, la production, les ventes, la conception, la construction, l&#039;exploitation et la maintenance, qui se concentre sur les solutions et services d&#039;infrastructure de centre de donn\u00e9es modulaires. Nos produits sont largement utilis\u00e9s dans les centres de donn\u00e9es, les compagnies d&#039;\u00e9lectricit\u00e9, les valeurs mobili\u00e8res, les banques, transport et d\u00e9fense nationale, haut d\u00e9bit communautaire, transmission de signaux de radio et de t\u00e9l\u00e9vision, syst\u00e8me de r\u00e9ception, syst\u00e8me audio, syst\u00e8me de surveillance, etc. Nous avons gagn\u00e9 les \u00e9loges unanimes des clients de tous horizons par notre bonne qualit\u00e9 et notre meilleur prix.<\/p>","protected":false},"excerpt":{"rendered":"<p>Suzhou Feikai, the leading server racks manufacturer in China, our company is specialized in making 19inch standard, OEM &#038; ODM network cabinets. We are a national high-tech enterprise integrating R&#038;D, production, sales, design, construction, operation and maintenance, which focuses on modular data center infrastructure solutions and services .Our products are widely used in data center, [&hellip;]<\/p>","protected":false},"author":1,"featured_media":0,"parent":0,"menu_order":0,"comment_status":"closed","ping_status":"closed","template":"page\/cooperation.php","meta":{"footnotes":""},"class_list":["post-15","page","type-page","status-publish","hentry"],"_links":{"self":[{"href":"https:\/\/ziyuan.lingjuin.com\/fr\/wp-json\/wp\/v2\/pages\/15","targetHints":{"allow":["GET"]}}],"collection":[{"href":"https:\/\/ziyuan.lingjuin.com\/fr\/wp-json\/wp\/v2\/pages"}],"about":[{"href":"https:\/\/ziyuan.lingjuin.com\/fr\/wp-json\/wp\/v2\/types\/page"}],"author":[{"embeddable":true,"href":"https:\/\/ziyuan.lingjuin.com\/fr\/wp-json\/wp\/v2\/users\/1"}],"replies":[{"embeddable":true,"href":"https:\/\/ziyuan.lingjuin.com\/fr\/wp-json\/wp\/v2\/comments?post=15"}],"version-history":[{"count":2,"href":"https:\/\/ziyuan.lingjuin.com\/fr\/wp-json\/wp\/v2\/pages\/15\/revisions"}],"predecessor-version":[{"id":51,"href":"https:\/\/ziyuan.lingjuin.com\/fr\/wp-json\/wp\/v2\/pages\/15\/revisions\/51"}],"wp:attachment":[{"href":"https:\/\/ziyuan.lingjuin.com\/fr\/wp-json\/wp\/v2\/media?parent=15"}],"curies":[{"name":"wp","href":"https:\/\/api.w.org\/{rel}","templated":true}]}}