{"id":15,"date":"2023-02-20T13:07:31","date_gmt":"2023-02-20T05:07:31","guid":{"rendered":"https:\/\/feikainetworkcabinets.com\/?page_id=15"},"modified":"2023-02-20T16:18:55","modified_gmt":"2023-02-20T08:18:55","slug":"cooperacion","status":"publish","type":"page","link":"https:\/\/ziyuan.lingjuin.com\/es\/cooperacion\/","title":{"rendered":"Cooperaci\u00f3n"},"content":{"rendered":"<p>Suzhou Feikai, el fabricante l\u00edder de racks para servidores en China, nuestra empresa est\u00e1 especializada en la fabricaci\u00f3n de gabinetes de red est\u00e1ndar, OEM y ODM de 19 pulgadas. Somos una empresa nacional de alta tecnolog\u00eda que integra I+D, producci\u00f3n, ventas, dise\u00f1o, construcci\u00f3n, operaci\u00f3n y mantenimiento, que se enfoca en soluciones y servicios de infraestructura de centros de datos modulares. Nuestros productos son ampliamente utilizados en centros de datos, compa\u00f1\u00edas el\u00e9ctricas, valores, bancos, transporte y defensa nacional, banda ancha comunitaria, transmisi\u00f3n de se\u00f1ales de radio y televisi\u00f3n, sistema de recepci\u00f3n, sistema de audio, sistema de monitoreo, etc. Hemos ganado el elogio un\u00e1nime de clientes de todos los \u00e1mbitos de la vida por nuestra buena calidad y el mejor precio.<\/p>","protected":false},"excerpt":{"rendered":"<p>Suzhou Feikai, the leading server racks manufacturer in China, our company is specialized in making 19inch standard, OEM &#038; ODM network cabinets. We are a national high-tech enterprise integrating R&#038;D, production, sales, design, construction, operation and maintenance, which focuses on modular data center infrastructure solutions and services .Our products are widely used in data center, [&hellip;]<\/p>","protected":false},"author":1,"featured_media":0,"parent":0,"menu_order":0,"comment_status":"closed","ping_status":"closed","template":"page\/cooperation.php","meta":{"footnotes":""},"class_list":["post-15","page","type-page","status-publish","hentry"],"_links":{"self":[{"href":"https:\/\/ziyuan.lingjuin.com\/es\/wp-json\/wp\/v2\/pages\/15","targetHints":{"allow":["GET"]}}],"collection":[{"href":"https:\/\/ziyuan.lingjuin.com\/es\/wp-json\/wp\/v2\/pages"}],"about":[{"href":"https:\/\/ziyuan.lingjuin.com\/es\/wp-json\/wp\/v2\/types\/page"}],"author":[{"embeddable":true,"href":"https:\/\/ziyuan.lingjuin.com\/es\/wp-json\/wp\/v2\/users\/1"}],"replies":[{"embeddable":true,"href":"https:\/\/ziyuan.lingjuin.com\/es\/wp-json\/wp\/v2\/comments?post=15"}],"version-history":[{"count":2,"href":"https:\/\/ziyuan.lingjuin.com\/es\/wp-json\/wp\/v2\/pages\/15\/revisions"}],"predecessor-version":[{"id":51,"href":"https:\/\/ziyuan.lingjuin.com\/es\/wp-json\/wp\/v2\/pages\/15\/revisions\/51"}],"wp:attachment":[{"href":"https:\/\/ziyuan.lingjuin.com\/es\/wp-json\/wp\/v2\/media?parent=15"}],"curies":[{"name":"wp","href":"https:\/\/api.w.org\/{rel}","templated":true}]}}