{"id":15,"date":"2023-02-20T13:07:31","date_gmt":"2023-02-20T05:07:31","guid":{"rendered":"https:\/\/feikainetworkcabinets.com\/?page_id=15"},"modified":"2023-02-20T16:18:55","modified_gmt":"2023-02-20T08:18:55","slug":"zusammenarbeit","status":"publish","type":"page","link":"https:\/\/ziyuan.lingjuin.com\/de\/zusammenarbeit\/","title":{"rendered":"Zusammenarbeit"},"content":{"rendered":"<p>Suzhou Feikai, der f\u00fchrende Hersteller von Serverracks in China, ist unser Unternehmen auf die Herstellung von 19-Zoll-Standard-, OEM- und ODM-Netzwerkschr\u00e4nken spezialisiert. Wir sind ein nationales High-Tech-Unternehmen, das Forschung und Entwicklung, Produktion, Vertrieb, Design, Bau, Betrieb und Wartung integriert und sich auf modulare Infrastrukturl\u00f6sungen und Dienstleistungen f\u00fcr Rechenzentren konzentriert. Unsere Produkte werden h\u00e4ufig in Rechenzentren, Energieunternehmen, Wertpapieren, Banken, Transport und Landesverteidigung, Gemeinschaftsbreitband, Funk- und Fernsehsignal\u00fcbertragung, Empfangssystem, Audiosystem, Monitorsystem und so weiter. Wir haben das einstimmige Lob von Kunden aus allen Lebensbereichen durch unsere gute Qualit\u00e4t und den besten Preis gewonnen.<\/p>","protected":false},"excerpt":{"rendered":"<p>Suzhou Feikai, the leading server racks manufacturer in China, our company is specialized in making 19inch standard, OEM &#038; ODM network cabinets. We are a national high-tech enterprise integrating R&#038;D, production, sales, design, construction, operation and maintenance, which focuses on modular data center infrastructure solutions and services .Our products are widely used in data center, [&hellip;]<\/p>","protected":false},"author":1,"featured_media":0,"parent":0,"menu_order":0,"comment_status":"closed","ping_status":"closed","template":"page\/cooperation.php","meta":{"footnotes":""},"class_list":["post-15","page","type-page","status-publish","hentry"],"_links":{"self":[{"href":"https:\/\/ziyuan.lingjuin.com\/de\/wp-json\/wp\/v2\/pages\/15","targetHints":{"allow":["GET"]}}],"collection":[{"href":"https:\/\/ziyuan.lingjuin.com\/de\/wp-json\/wp\/v2\/pages"}],"about":[{"href":"https:\/\/ziyuan.lingjuin.com\/de\/wp-json\/wp\/v2\/types\/page"}],"author":[{"embeddable":true,"href":"https:\/\/ziyuan.lingjuin.com\/de\/wp-json\/wp\/v2\/users\/1"}],"replies":[{"embeddable":true,"href":"https:\/\/ziyuan.lingjuin.com\/de\/wp-json\/wp\/v2\/comments?post=15"}],"version-history":[{"count":2,"href":"https:\/\/ziyuan.lingjuin.com\/de\/wp-json\/wp\/v2\/pages\/15\/revisions"}],"predecessor-version":[{"id":51,"href":"https:\/\/ziyuan.lingjuin.com\/de\/wp-json\/wp\/v2\/pages\/15\/revisions\/51"}],"wp:attachment":[{"href":"https:\/\/ziyuan.lingjuin.com\/de\/wp-json\/wp\/v2\/media?parent=15"}],"curies":[{"name":"wp","href":"https:\/\/api.w.org\/{rel}","templated":true}]}}